{"id":553,"date":"2017-06-24T12:09:57","date_gmt":"2017-06-24T12:09:57","guid":{"rendered":"http:\/\/theme.visualmodo.com\/architect\/?page_id=553"},"modified":"2020-11-08T16:53:08","modified_gmt":"2020-11-08T16:53:08","slug":"kariyer","status":"publish","type":"page","link":"http:\/\/www.uzelmimarlik.com\/index.php\/kariyer\/","title":{"rendered":"Kariyer"},"content":{"rendered":"<p>[vc_row full_width=&#8221;stretch_row&#8221; full_height=&#8221;yes&#8221; bg_type=&#8221;image&#8221; parallax_style=&#8221;vcpb-default&#8221; bg_image_new=&#8221;id^565|url^http:\/\/theme.visualmodo.com\/architect\/wp-content\/uploads\/sites\/36\/2017\/06\/architect-15.jpg|caption^null|alt^null|title^architect-15|description^null&#8221; bg_image_repeat=&#8221;no-repeat&#8221; enable_overlay=&#8221;enable_overlay_value&#8221; overlay_color=&#8221;rgba(0,0,0,0.4)&#8221; css=&#8221;.vc_custom_1498308105507{margin-bottom: 0px !important;padding-bottom: 0px !important;}&#8221;][vc_column width=&#8221;1\/2&#8243;][vc_custom_heading text=&#8221;KAR\u0130YER&#8221; font_container=&#8221;tag:h1|font_size:90px|text_align:left|color:%23ffffff|line_height:90px&#8221; use_theme_fonts=&#8221;yes&#8221; css_animation=&#8221;fadeInUp&#8221;][vc_custom_heading text=&#8221;KAR\u0130YER PLANLIYORSAN&#8221; font_container=&#8221;tag:div|font_size:2rem|text_align:left|color:%23b8a892&#8243; use_theme_fonts=&#8221;yes&#8221; css_animation=&#8221;fadeInUp&#8221;][vc_column_text css_animation=&#8221;fadeInUp&#8221; css=&#8221;.vc_custom_1604852824169{padding-top: 30px !important;}&#8221;]<\/p>\n<p style=\"font-size: 18px; color: #fff;\"><b>Yeni planlar\u0131n aras\u0131nda ald\u0131\u011f\u0131n e\u011fitimle ilgili hedefler varsa do\u011fru adrestesin&#8230;<\/b><\/p>\n<p>[\/vc_column_text][vc_single_image image=&#8221;560&#8243; img_size=&#8221;full&#8221; css_animation=&#8221;fadeInUp&#8221;][\/vc_column][vc_column width=&#8221;1\/2&#8243;][\/vc_column][\/vc_row][vc_row full_width=&#8221;stretch_row_content_no_spaces&#8221; full_height=&#8221;yes&#8221; css=&#8221;.vc_custom_1498308114626{margin-top: 0px !important;margin-bottom: 0px !important;padding-top: 0px !important;padding-bottom: 0px !important;}&#8221;][vc_column width=&#8221;1\/3&#8243; css=&#8221;.vc_custom_1487714400364{padding-top: 100px !important;padding-right: 18% !important;padding-bottom: 100px !important;padding-left: 18% !important;background-color: #f5f5f5 !important;}&#8221;][vc_column_text css_animation=&#8221;fadeInUp&#8221;]<\/p>\n<h3><b>\u0130LG\u0130 ALANLARI<\/b><\/h3>\n<p>[\/vc_column_text][ve_progress_bar style=&#8221;progress-square&#8221; field=&#8221;TASARIM&#8221; percentage=&#8221;95&#8243; height=&#8221;2px&#8221; css=&#8221;.vc_custom_1604852853801{padding-bottom: 15px !important;}&#8221;][ve_progress_bar style=&#8221;progress-square&#8221; field=&#8221;M\u00dcHEND\u0130SL\u0130K&#8221; percentage=&#8221;70&#8243; height=&#8221;2px&#8221; css=&#8221;.vc_custom_1604852863254{padding-bottom: 15px !important;}&#8221;][ve_progress_bar style=&#8221;progress-square&#8221; field=&#8221;UYGULAMA&#8221; percentage=&#8221;80&#8243; height=&#8221;2px&#8221; css=&#8221;.vc_custom_1604852874159{padding-bottom: 15px !important;}&#8221;][ve_progress_bar style=&#8221;progress-square&#8221; field=&#8221;PAZARLAMA&#8221; percentage=&#8221;100&#8243; height=&#8221;2px&#8221; css=&#8221;.vc_custom_1604852885791{padding-bottom: 15px !important;}&#8221;][\/vc_column][vc_column width=&#8221;2\/3&#8243; css=&#8221;.vc_custom_1487714409727{padding-top: 100px !important;padding-right: 9% !important;padding-bottom: 100px !important;padding-left: 9% !important;}&#8221;][vc_column_text css_animation=&#8221;fadeInUp&#8221;]<\/p>\n<h3><strong>OKUL ARA\u00c7TIR. \u00d6\u011eREND\u0130KLER\u0130N\u0130 UYGULAMAK AMA\u00c7&#8230;<\/strong><\/h3>\n<p>[\/vc_column_text][vc_column_text css_animation=&#8221;fadeInUp&#8221;]<\/p>\n<p style=\"font-size: 16px; color: #888888;\">T\u00fcm e\u011fitim s\u00fcresince \u00f6\u011frendiklerini teoriden \u00f6teye ta\u015f\u0131mak i\u00e7in i\u015fin i\u00e7erisinde ekipte olmal\u0131s\u0131n. bunun ise birtek yolu var prefosyenel ekiple i\u00e7eride ekipte olman sahada \u00e7al\u0131\u015fman ve ger\u00e7ek i\u015f y\u00fck\u00fcyle uzmanla\u015fman&#8230;<\/p>\n<p>[\/vc_column_text][vc_row_inner gap=&#8221;35&#8243;][vc_column_inner width=&#8221;1\/2&#8243;][vc_single_image image=&#8221;571&#8243; img_size=&#8221;full&#8221;][vc_custom_heading text=&#8221;AMACINI BEL\u0130RLE&#8221; font_container=&#8221;tag:h3|font_size:1.1rem|text_align:left|color:%23b8a892|line_height:1.3em&#8221; use_theme_fonts=&#8221;yes&#8221; css_animation=&#8221;fadeInUp&#8221; css=&#8221;.vc_custom_1604853194798{padding-bottom: 30px !important;}&#8221;][vc_column_text css_animation=&#8221;fadeInUp&#8221;]<\/p>\n<p style=\"font-size: 1rem; color: #888888;\">E\u011fitimin art\u0131k teoriden \u00f6teye ge\u00e7meli kendini geli\u015ftirmeli ve deneyim elde etmelisin..<\/p>\n<p>[\/vc_column_text][\/vc_column_inner][vc_column_inner width=&#8221;1\/2&#8243;][vc_single_image image=&#8221;572&#8243; img_size=&#8221;full&#8221;][vc_custom_heading text=&#8221;UZMANLA\u015e&#8221; font_container=&#8221;tag:h3|font_size:1.1rem|text_align:left|color:%23b8a892|line_height:1.3em&#8221; use_theme_fonts=&#8221;yes&#8221; css_animation=&#8221;fadeInUp&#8221; css=&#8221;.vc_custom_1604853274479{padding-bottom: 30px !important;}&#8221;][vc_column_text css_animation=&#8221;fadeInUp&#8221;]<\/p>\n<p style=\"font-size: 1rem; color: #888888;\">Alan se\u00e7imi e\u011fitimde oldu\u011fu gibi prefosyonel i\u015f hayat\u0131nda da \u00f6nemlidir. karar vermelisin&#8230;<\/p>\n<p>[\/vc_column_text][\/vc_column_inner][\/vc_row_inner][\/vc_column][\/vc_row]<\/p>\n","protected":false},"excerpt":{"rendered":"<p class=\"card-text\">[vc_row full_width=&#8221;stretch_row&#8221; full_height=&#8221;yes&#8221; bg_type=&#8221;image&#8221; parallax_style=&#8221;vcpb-default&#8221; bg_image_new=&#8221;id^565|url^http:\/\/theme.visualmodo.com\/architect\/wp-content\/uploads\/sites\/36\/2017\/06\/architect-15.jpg|caption^null|alt^null|title^architect-15|description^null&#8221; bg_image_repeat=&#8221;no-repeat&#8221; enable_overlay=&#8221;enable_overlay_value&#8221; overlay_color=&#8221;rgba(0,0,0,0.4)&#8221; css=&#8221;.vc_custom_1498308105507{margin-bottom: 0px !important;padding-bottom: 0px !important;}&#8221;][vc_column width=&#8221;1\/2&#8243;][vc_custom_heading text=&#8221;KAR\u0130YER&#8221; font_container=&#8221;tag:h1|font_size:90px|text_align:left|color:%23ffffff|line_height:90px&#8221; use_theme_fonts=&#8221;yes&#8221; css_animation=&#8221;fadeInUp&#8221;][vc_custom_heading text=&#8221;KAR\u0130YER PLANLIYORSAN&#8221; font_container=&#8221;tag:div|font_size:2rem|text_align:left|color:%23b8a892&#8243; use_theme_fonts=&#8221;yes&#8221; css_animation=&#8221;fadeInUp&#8221;][vc_column_text css_animation=&#8221;fadeInUp&#8221; css=&#8221;.vc_custom_1604852824169{padding-top: 30px !important;}&#8221;] Yeni planlar\u0131n aras\u0131nda ald\u0131\u011f\u0131n e\u011fitimle ilgili hedefler varsa do\u011fru adrestesin&#8230; [\/vc_column_text][vc_single_image image=&#8221;560&#8243; img_size=&#8221;full&#8221; css_animation=&#8221;fadeInUp&#8221;][\/vc_column][vc_column width=&#8221;1\/2&#8243;][\/vc_column][\/vc_row][vc_row full_width=&#8221;stretch_row_content_no_spaces&#8221; full_height=&#8221;yes&#8221; css=&#8221;.vc_custom_1498308114626{margin-top: 0px !important;margin-bottom: 0px !important;padding-top: 0px !important;padding-bottom: 0px !important;}&#8221;][vc_column width=&#8221;1\/3&#8243; [&#8230;]<\/p>\n<p class=\"m-0\"><a class=\"btn btn-outline-secondary btn-read-more\" href=\"http:\/\/www.uzelmimarlik.com\/index.php\/kariyer\/\">Read More<\/a><\/p>\n","protected":false},"author":1,"featured_media":0,"parent":0,"menu_order":0,"comment_status":"closed","ping_status":"closed","template":"","meta":{"_bbp_topic_count":0,"_bbp_reply_count":0,"_bbp_total_topic_count":0,"_bbp_total_reply_count":0,"_bbp_voice_count":0,"_bbp_anonymous_reply_count":0,"_bbp_topic_count_hidden":0,"_bbp_reply_count_hidden":0,"_bbp_forum_subforum_count":0},"_links":{"self":[{"href":"http:\/\/www.uzelmimarlik.com\/index.php\/wp-json\/wp\/v2\/pages\/553"}],"collection":[{"href":"http:\/\/www.uzelmimarlik.com\/index.php\/wp-json\/wp\/v2\/pages"}],"about":[{"href":"http:\/\/www.uzelmimarlik.com\/index.php\/wp-json\/wp\/v2\/types\/page"}],"author":[{"embeddable":true,"href":"http:\/\/www.uzelmimarlik.com\/index.php\/wp-json\/wp\/v2\/users\/1"}],"replies":[{"embeddable":true,"href":"http:\/\/www.uzelmimarlik.com\/index.php\/wp-json\/wp\/v2\/comments?post=553"}],"version-history":[{"count":4,"href":"http:\/\/www.uzelmimarlik.com\/index.php\/wp-json\/wp\/v2\/pages\/553\/revisions"}],"predecessor-version":[{"id":938,"href":"http:\/\/www.uzelmimarlik.com\/index.php\/wp-json\/wp\/v2\/pages\/553\/revisions\/938"}],"wp:attachment":[{"href":"http:\/\/www.uzelmimarlik.com\/index.php\/wp-json\/wp\/v2\/media?parent=553"}],"curies":[{"name":"wp","href":"https:\/\/api.w.org\/{rel}","templated":true}]}}